{"id":94,"date":"2025-10-25T23:46:42","date_gmt":"2025-10-25T21:46:42","guid":{"rendered":"https:\/\/pgplegal.eu\/de\/?page_id=94"},"modified":"2025-12-17T15:30:43","modified_gmt":"2025-12-17T14:30:43","slug":"it-und-digitaldienstleistungen","status":"publish","type":"page","link":"https:\/\/pgplegal.eu\/de\/praxisbereiche\/it-und-digitaldienstleistungen\/","title":{"rendered":"IT und Digitale Dienstleistungen"},"content":{"rendered":"\n<p>Wir sind begeistert von neuen Technologien, was es uns erleichtert, die damit verbundenen rechtlichen Herausforderungen zu verstehen. Wir verf\u00fcgen \u00fcber Erfahrung in der Betreuung gro\u00dfer IT-Unternehmen wie Hostinganbieter, Softwarehersteller (einschlie\u00dflich SaaS) und Online-Plattformen. Wir bieten Unterst\u00fctzung bei der Einf\u00fchrung neuer KI-Modelle und -Systeme auf den Markt sowie bei der angemessenen rechtlichen Absicherung von Unternehmen, die solche Systeme einsetzen.<\/p>\n\n\n\n<p>Wir unterst\u00fctzen sowohl bei der Erstellung von Vertragsmustern wie Allgemeinen Gesch\u00e4ftsbedingungen und Rahmenvertr\u00e4gen als auch bei der Anpassung an die sich st\u00e4ndig \u00e4ndernden rechtlichen Rahmenbedingungen in diesem Bereich. Wir begleiteten Mandanten u. a. bei der Umsetzung der durch die OMNIBUS-Richtlinie und den Digital Services Act (DSA) erforderlichen \u00c4nderungen.<\/p>\n\n\n\n<p>Wir verf\u00fcgen \u00fcber Erfahrung im Umgang mit den Folgen von Hackerangriffen, <strong>insbesondere bei Datendiebstahl <\/strong>und der Verschl\u00fcsselung von Datentr\u00e4gern (sog. Ransomware). Wir verfolgen kontinuierlich die Entwicklungen rund um die NIS2-Richtlinie sowie das Gesetz \u00fcber das nationale Cybersicherheitssystem.<\/p>\n","protected":false},"excerpt":{"rendered":"<p>Wir sind begeistert von neuen Technologien, was es uns erleichtert, die damit verbundenen rechtlichen Herausforderungen zu verstehen. Wir verf\u00fcgen \u00fcber Erfahrung in der Betreuung gro\u00dfer IT-Unternehmen wie Hostinganbieter, Softwarehersteller (einschlie\u00dflich SaaS) und Online-Plattformen. Wir bieten Unterst\u00fctzung bei der Einf\u00fchrung neuer KI-Modelle und -Systeme auf den Markt sowie bei der angemessenen rechtlichen Absicherung von Unternehmen, die<\/p>\n<p class=\"d-flex justify-content-end\"><a class=\"btn btn-outline-primary rounded-0\" href=\"https:\/\/pgplegal.eu\/de\/praxisbereiche\/it-und-digitaldienstleistungen\/\">Czytaj dalej&#8230;<\/a><\/p>\n","protected":false},"author":1,"featured_media":71,"parent":22,"menu_order":8,"comment_status":"closed","ping_status":"closed","template":"page-services.php","meta":{"footnotes":""},"class_list":["post-94","page","type-page","status-publish","has-post-thumbnail","hentry"],"_links":{"self":[{"href":"https:\/\/pgplegal.eu\/de\/wp-json\/wp\/v2\/pages\/94","targetHints":{"allow":["GET"]}}],"collection":[{"href":"https:\/\/pgplegal.eu\/de\/wp-json\/wp\/v2\/pages"}],"about":[{"href":"https:\/\/pgplegal.eu\/de\/wp-json\/wp\/v2\/types\/page"}],"author":[{"embeddable":true,"href":"https:\/\/pgplegal.eu\/de\/wp-json\/wp\/v2\/users\/1"}],"replies":[{"embeddable":true,"href":"https:\/\/pgplegal.eu\/de\/wp-json\/wp\/v2\/comments?post=94"}],"version-history":[{"count":3,"href":"https:\/\/pgplegal.eu\/de\/wp-json\/wp\/v2\/pages\/94\/revisions"}],"predecessor-version":[{"id":117,"href":"https:\/\/pgplegal.eu\/de\/wp-json\/wp\/v2\/pages\/94\/revisions\/117"}],"up":[{"embeddable":true,"href":"https:\/\/pgplegal.eu\/de\/wp-json\/wp\/v2\/pages\/22"}],"wp:featuredmedia":[{"embeddable":true,"href":"https:\/\/pgplegal.eu\/de\/wp-json\/wp\/v2\/media\/71"}],"wp:attachment":[{"href":"https:\/\/pgplegal.eu\/de\/wp-json\/wp\/v2\/media?parent=94"}],"curies":[{"name":"wp","href":"https:\/\/api.w.org\/{rel}","templated":true}]}}