{"id":92,"date":"2025-10-25T23:46:04","date_gmt":"2025-10-25T21:46:04","guid":{"rendered":"https:\/\/pgplegal.eu\/de\/?page_id=92"},"modified":"2025-12-17T15:30:28","modified_gmt":"2025-12-17T14:30:28","slug":"recht-des-geistigen-eigentums","status":"publish","type":"page","link":"https:\/\/pgplegal.eu\/de\/praxisbereiche\/recht-des-geistigen-eigentums\/","title":{"rendered":"Immaterialg\u00fcterrecht (Geistiges Eigentum)"},"content":{"rendered":"\n<p>Die Erfahrung unserer Mandanten zeigt, dass eine wirksame Absicherung der eigenen Rechte des geistigen Eigentums nicht nur einen effektiven Schutz vor Rechtsverletzungen bietet, sondern auch den Unternehmenswert steigert und die Wettbewerbsf\u00e4higkeit am Markt erh\u00f6ht.<\/p>\n\n\n\n<p>Wir unterst\u00fctzen sowohl bei der Auswahl geeigneter Schutzma\u00dfnahmen als auch bei der Durchf\u00fchrung des gesamten damit verbundenen Verfahrens. Wir bieten Hilfe u. a. bei der Registrierung von Marken und Geschmacksmustern, sowohl in Polen als auch im Ausland.<\/p>\n\n\n\n<p>Wir verf\u00fcgen \u00fcber Erfahrung in der Durchsetzung der Rechte des geistigen Eigentums unserer Mandanten ebenso wie in der Abwehr unbegr\u00fcndeter Verletzungsmeldungen, die auf dem Digital Services Act (DSA) oder dem Digital Millennium Copyright Act (DMCA) beruhen.<\/p>\n","protected":false},"excerpt":{"rendered":"<p>Die Erfahrung unserer Mandanten zeigt, dass eine wirksame Absicherung der eigenen Rechte des geistigen Eigentums nicht nur einen effektiven Schutz vor Rechtsverletzungen bietet, sondern auch den Unternehmenswert steigert und die Wettbewerbsf\u00e4higkeit am Markt erh\u00f6ht. Wir unterst\u00fctzen sowohl bei der Auswahl geeigneter Schutzma\u00dfnahmen als auch bei der Durchf\u00fchrung des gesamten damit verbundenen Verfahrens. Wir bieten Hilfe<\/p>\n<p class=\"d-flex justify-content-end\"><a class=\"btn btn-outline-primary rounded-0\" href=\"https:\/\/pgplegal.eu\/de\/praxisbereiche\/recht-des-geistigen-eigentums\/\">Czytaj dalej&#8230;<\/a><\/p>\n","protected":false},"author":1,"featured_media":74,"parent":22,"menu_order":7,"comment_status":"closed","ping_status":"closed","template":"page-services.php","meta":{"footnotes":""},"class_list":["post-92","page","type-page","status-publish","has-post-thumbnail","hentry"],"_links":{"self":[{"href":"https:\/\/pgplegal.eu\/de\/wp-json\/wp\/v2\/pages\/92","targetHints":{"allow":["GET"]}}],"collection":[{"href":"https:\/\/pgplegal.eu\/de\/wp-json\/wp\/v2\/pages"}],"about":[{"href":"https:\/\/pgplegal.eu\/de\/wp-json\/wp\/v2\/types\/page"}],"author":[{"embeddable":true,"href":"https:\/\/pgplegal.eu\/de\/wp-json\/wp\/v2\/users\/1"}],"replies":[{"embeddable":true,"href":"https:\/\/pgplegal.eu\/de\/wp-json\/wp\/v2\/comments?post=92"}],"version-history":[{"count":3,"href":"https:\/\/pgplegal.eu\/de\/wp-json\/wp\/v2\/pages\/92\/revisions"}],"predecessor-version":[{"id":116,"href":"https:\/\/pgplegal.eu\/de\/wp-json\/wp\/v2\/pages\/92\/revisions\/116"}],"up":[{"embeddable":true,"href":"https:\/\/pgplegal.eu\/de\/wp-json\/wp\/v2\/pages\/22"}],"wp:featuredmedia":[{"embeddable":true,"href":"https:\/\/pgplegal.eu\/de\/wp-json\/wp\/v2\/media\/74"}],"wp:attachment":[{"href":"https:\/\/pgplegal.eu\/de\/wp-json\/wp\/v2\/media?parent=92"}],"curies":[{"name":"wp","href":"https:\/\/api.w.org\/{rel}","templated":true}]}}