{"id":90,"date":"2025-10-25T23:45:20","date_gmt":"2025-10-25T21:45:20","guid":{"rendered":"https:\/\/pgplegal.eu\/de\/?page_id=90"},"modified":"2025-12-17T15:30:05","modified_gmt":"2025-12-17T14:30:05","slug":"gesellschaftsrechtliche-betreuung-und-compliance","status":"publish","type":"page","link":"https:\/\/pgplegal.eu\/de\/praxisbereiche\/gesellschaftsrechtliche-betreuung-und-compliance\/","title":{"rendered":"Corporate Services und Compliance"},"content":{"rendered":"\n<p>Wir unterst\u00fctzen unsere Mandanten bei der Verwirklichung ihrer gesch\u00e4ftlichen Visionen, indem wir ihnen helfen, die optimale Rechtsform f\u00fcr die Aus\u00fcbung ihrer wirtschaftlichen T\u00e4tigkeit zu w\u00e4hlen und diese so zu gestalten, dass sie einerseits ein flexibles Handeln erm\u00f6glicht und andererseits die mit der Unternehmensf\u00fchrung verbundenen Risiken minimiert.<\/p>\n\n\n\n<p>Wir analysieren fortlaufend geplante und geltende Gesetzes\u00e4nderungen und unterst\u00fctzen unsere Mandanten bei der Umsetzung der sich daraus ergebenden Pflichten. In den letzten Jahren wirkten wir unter anderem an der Einf\u00fchrung von Regelungen wie der DSGVO, den \u00c4nderungen im Zusammenhang mit dem Gesetz \u00fcber digitale Dienste (Digital Services Act) sowie an der Implementierung interner Hinweisgebersysteme mit.<\/p>\n","protected":false},"excerpt":{"rendered":"<p>Wir unterst\u00fctzen unsere Mandanten bei der Verwirklichung ihrer gesch\u00e4ftlichen Visionen, indem wir ihnen helfen, die optimale Rechtsform f\u00fcr die Aus\u00fcbung ihrer wirtschaftlichen T\u00e4tigkeit zu w\u00e4hlen und diese so zu gestalten, dass sie einerseits ein flexibles Handeln erm\u00f6glicht und andererseits die mit der Unternehmensf\u00fchrung verbundenen Risiken minimiert. Wir analysieren fortlaufend geplante und geltende Gesetzes\u00e4nderungen und unterst\u00fctzen<\/p>\n<p class=\"d-flex justify-content-end\"><a class=\"btn btn-outline-primary rounded-0\" href=\"https:\/\/pgplegal.eu\/de\/praxisbereiche\/gesellschaftsrechtliche-betreuung-und-compliance\/\">Czytaj dalej&#8230;<\/a><\/p>\n","protected":false},"author":1,"featured_media":72,"parent":22,"menu_order":6,"comment_status":"closed","ping_status":"closed","template":"page-services.php","meta":{"footnotes":""},"class_list":["post-90","page","type-page","status-publish","has-post-thumbnail","hentry"],"_links":{"self":[{"href":"https:\/\/pgplegal.eu\/de\/wp-json\/wp\/v2\/pages\/90","targetHints":{"allow":["GET"]}}],"collection":[{"href":"https:\/\/pgplegal.eu\/de\/wp-json\/wp\/v2\/pages"}],"about":[{"href":"https:\/\/pgplegal.eu\/de\/wp-json\/wp\/v2\/types\/page"}],"author":[{"embeddable":true,"href":"https:\/\/pgplegal.eu\/de\/wp-json\/wp\/v2\/users\/1"}],"replies":[{"embeddable":true,"href":"https:\/\/pgplegal.eu\/de\/wp-json\/wp\/v2\/comments?post=90"}],"version-history":[{"count":3,"href":"https:\/\/pgplegal.eu\/de\/wp-json\/wp\/v2\/pages\/90\/revisions"}],"predecessor-version":[{"id":115,"href":"https:\/\/pgplegal.eu\/de\/wp-json\/wp\/v2\/pages\/90\/revisions\/115"}],"up":[{"embeddable":true,"href":"https:\/\/pgplegal.eu\/de\/wp-json\/wp\/v2\/pages\/22"}],"wp:featuredmedia":[{"embeddable":true,"href":"https:\/\/pgplegal.eu\/de\/wp-json\/wp\/v2\/media\/72"}],"wp:attachment":[{"href":"https:\/\/pgplegal.eu\/de\/wp-json\/wp\/v2\/media?parent=90"}],"curies":[{"name":"wp","href":"https:\/\/api.w.org\/{rel}","templated":true}]}}