{"id":82,"date":"2025-10-25T23:39:57","date_gmt":"2025-10-25T21:39:57","guid":{"rendered":"https:\/\/pgplegal.eu\/de\/?page_id=82"},"modified":"2025-12-17T15:26:45","modified_gmt":"2025-12-17T14:26:45","slug":"deutsches-recht","status":"publish","type":"page","link":"https:\/\/pgplegal.eu\/de\/deutsches-recht\/","title":{"rendered":"Deutsches Recht\u00a0"},"content":{"rendered":"\n<p><strong>Wir unterst\u00fctzen unsere Mandanten aktiv sowohl auf dem polnischen als auch auf dem deutschen Markt.<br><\/strong>Wir arbeiten grenz\u00fcberschreitend, indem wir deutsche Investoren, die in Polen t\u00e4tig sind, vertreten sowie polnische Mandanten bei der Entwicklung ihrer Gesch\u00e4ftst\u00e4tigkeit in Deutschland begleiten. Dank unserer langj\u00e4hrigen Erfahrung und ausgezeichneten Kenntnis der rechtlichen Rahmenbedingungen beider L\u00e4nder helfen wir unseren Mandanten effektiv, sprachliche, kulturelle und administrative H\u00fcrden zu \u00fcberwinden.<\/p>\n\n\n\n<p>In Zusammenarbeit mit unseren vertrauensw\u00fcrdigen Partnern sind wir in der Lage, eine umfassende rechtliche Betreuung in Deutschland in allen Bereichen anzubieten, die in den T\u00e4tigkeitsrahmen unserer Kanzlei fallen \u2014 von der Gr\u00fcndung von Gesellschaften \u00fcber die laufende Corporate-Betreuung bis hin zur Vertretung in Gerichts- und Verwaltungsverfahren.<\/p>\n\n\n\n<p>Wenn Sie eine Expansion auf den deutschen Markt planen oder Unterst\u00fctzung bei der Durchf\u00fchrung grenz\u00fcberschreitender Gesch\u00e4ftst\u00e4tigkeiten ben\u00f6tigen, laden wir Sie herzlich ein, mit uns Kontakt aufzunehmen. Unser Team sorgt daf\u00fcr, dass Ihre Interessen gesch\u00fctzt sind und alle Prozesse reibungslos sowie im Einklang mit dem geltenden Recht verlaufen. Mit uns k\u00f6nnen Sie sich auf die Weiterentwicklung Ihres Unternehmens konzentrieren \u2014 in dem Wissen, dass Ihre rechtlichen Angelegenheiten in guten H\u00e4nden sind.<\/p>\n","protected":false},"excerpt":{"rendered":"<p>Wir unterst\u00fctzen unsere Mandanten aktiv sowohl auf dem polnischen als auch auf dem deutschen Markt.Wir arbeiten grenz\u00fcberschreitend, indem wir deutsche Investoren, die in Polen t\u00e4tig sind, vertreten sowie polnische Mandanten bei der Entwicklung ihrer Gesch\u00e4ftst\u00e4tigkeit in Deutschland begleiten. Dank unserer langj\u00e4hrigen Erfahrung und ausgezeichneten Kenntnis der rechtlichen Rahmenbedingungen beider L\u00e4nder helfen wir unseren Mandanten effektiv,<\/p>\n<p class=\"d-flex justify-content-end\"><a class=\"btn btn-outline-primary rounded-0\" href=\"https:\/\/pgplegal.eu\/de\/deutsches-recht\/\">Czytaj dalej&#8230;<\/a><\/p>\n","protected":false},"author":1,"featured_media":0,"parent":0,"menu_order":0,"comment_status":"closed","ping_status":"closed","template":"","meta":{"footnotes":""},"class_list":["post-82","page","type-page","status-publish","hentry"],"_links":{"self":[{"href":"https:\/\/pgplegal.eu\/de\/wp-json\/wp\/v2\/pages\/82","targetHints":{"allow":["GET"]}}],"collection":[{"href":"https:\/\/pgplegal.eu\/de\/wp-json\/wp\/v2\/pages"}],"about":[{"href":"https:\/\/pgplegal.eu\/de\/wp-json\/wp\/v2\/types\/page"}],"author":[{"embeddable":true,"href":"https:\/\/pgplegal.eu\/de\/wp-json\/wp\/v2\/users\/1"}],"replies":[{"embeddable":true,"href":"https:\/\/pgplegal.eu\/de\/wp-json\/wp\/v2\/comments?post=82"}],"version-history":[{"count":2,"href":"https:\/\/pgplegal.eu\/de\/wp-json\/wp\/v2\/pages\/82\/revisions"}],"predecessor-version":[{"id":107,"href":"https:\/\/pgplegal.eu\/de\/wp-json\/wp\/v2\/pages\/82\/revisions\/107"}],"wp:attachment":[{"href":"https:\/\/pgplegal.eu\/de\/wp-json\/wp\/v2\/media?parent=82"}],"curies":[{"name":"wp","href":"https:\/\/api.w.org\/{rel}","templated":true}]}}