{"id":8,"date":"2024-10-15T08:28:01","date_gmt":"2024-10-15T06:28:01","guid":{"rendered":"https:\/\/pgplegal.eu\/de\/?page_id=8"},"modified":"2025-12-17T15:27:18","modified_gmt":"2025-12-17T14:27:18","slug":"kontakt","status":"publish","type":"page","link":"https:\/\/pgplegal.eu\/de\/kontakt\/","title":{"rendered":"Kontakt"},"content":{"rendered":"\n<p class=\"has-text-align-center\">B\u00fcrozeiten der Kanzlei<br>Montag \u2013 Freitag 9:00 \u2013 17:00<br>(Eine Terminvereinbarung au\u00dferhalb der regul\u00e4ren B\u00fcrozeiten ist m\u00f6glich.)<\/p>\n\n\n\n<p><\/p>\n","protected":false},"excerpt":{"rendered":"<p>B\u00fcrozeiten der KanzleiMontag \u2013 Freitag 9:00 \u2013 17:00(Eine Terminvereinbarung au\u00dferhalb der regul\u00e4ren B\u00fcrozeiten ist m\u00f6glich.)<\/p>\n","protected":false},"author":1,"featured_media":0,"parent":0,"menu_order":0,"comment_status":"closed","ping_status":"closed","template":"","meta":{"footnotes":""},"class_list":["post-8","page","type-page","status-publish","hentry"],"_links":{"self":[{"href":"https:\/\/pgplegal.eu\/de\/wp-json\/wp\/v2\/pages\/8","targetHints":{"allow":["GET"]}}],"collection":[{"href":"https:\/\/pgplegal.eu\/de\/wp-json\/wp\/v2\/pages"}],"about":[{"href":"https:\/\/pgplegal.eu\/de\/wp-json\/wp\/v2\/types\/page"}],"author":[{"embeddable":true,"href":"https:\/\/pgplegal.eu\/de\/wp-json\/wp\/v2\/users\/1"}],"replies":[{"embeddable":true,"href":"https:\/\/pgplegal.eu\/de\/wp-json\/wp\/v2\/comments?post=8"}],"version-history":[{"count":2,"href":"https:\/\/pgplegal.eu\/de\/wp-json\/wp\/v2\/pages\/8\/revisions"}],"predecessor-version":[{"id":108,"href":"https:\/\/pgplegal.eu\/de\/wp-json\/wp\/v2\/pages\/8\/revisions\/108"}],"wp:attachment":[{"href":"https:\/\/pgplegal.eu\/de\/wp-json\/wp\/v2\/media?parent=8"}],"curies":[{"name":"wp","href":"https:\/\/api.w.org\/{rel}","templated":true}]}}