{"id":39,"date":"2024-10-15T09:03:54","date_gmt":"2024-10-15T07:03:54","guid":{"rendered":"https:\/\/pgplegal.eu\/de\/?page_id=39"},"modified":"2025-12-17T15:29:46","modified_gmt":"2025-12-17T14:29:46","slug":"arbeits-und-beschaftigungsrecht","status":"publish","type":"page","link":"https:\/\/pgplegal.eu\/de\/praxisbereiche\/arbeits-und-beschaftigungsrecht\/","title":{"rendered":"Arbeitsrecht und Besch\u00e4ftigung"},"content":{"rendered":"\n<p>Wir beraten Arbeitgeber in allen Aspekten des Arbeitsrechts \u2013 von der Begr\u00fcndung und Beendigung von Arbeitsverh\u00e4ltnissen \u00fcber die Einf\u00fchrung interner Regelwerke und Compliance-Richtlinien bis hin zur Vertretung in Streitigkeiten mit Arbeitnehmern. Wir unterst\u00fctzen unsere Mandanten bei der Optimierung von Besch\u00e4ftigungsstrukturen, der Entsendung von Arbeitnehmern, den Beziehungen zu Gewerkschaften sowie in Angelegenheiten rund um die Besch\u00e4ftigung von F\u00fchrungskr\u00e4ften.<\/p>\n\n\n\n<p>Wir helfen zudem bei der Gestaltung und Verhandlung zivilrechtlicher Vertr\u00e4ge, einschlie\u00dflich B2B-Vertr\u00e4gen, unter Ber\u00fccksichtigung der branchenspezifischen Besonderheiten und der aktuellen Markttrends. Wir gew\u00e4hrleisten rechtliche Sicherheit sowie die Vereinbarkeit der gew\u00e4hlten Kooperationsmodelle mit arbeits- und sozialversicherungsrechtlichen Vorschriften.<\/p>\n\n\n\n<p>Wir bieten laufende Unterst\u00fctzung im Hinblick auf gesetzliche \u00c4nderungen und die Umsetzung von L\u00f6sungen, die den neuesten Anforderungen des Arbeitsrechts und der Arbeitsschutzbestimmungen entsprechen.<\/p>\n","protected":false},"excerpt":{"rendered":"<p>Wir beraten Arbeitgeber in allen Aspekten des Arbeitsrechts \u2013 von der Begr\u00fcndung und Beendigung von Arbeitsverh\u00e4ltnissen \u00fcber die Einf\u00fchrung interner Regelwerke und Compliance-Richtlinien bis hin zur Vertretung in Streitigkeiten mit Arbeitnehmern. Wir unterst\u00fctzen unsere Mandanten bei der Optimierung von Besch\u00e4ftigungsstrukturen, der Entsendung von Arbeitnehmern, den Beziehungen zu Gewerkschaften sowie in Angelegenheiten rund um die Besch\u00e4ftigung<\/p>\n<p class=\"d-flex justify-content-end\"><a class=\"btn btn-outline-primary rounded-0\" href=\"https:\/\/pgplegal.eu\/de\/praxisbereiche\/arbeits-und-beschaftigungsrecht\/\">Czytaj dalej&#8230;<\/a><\/p>\n","protected":false},"author":1,"featured_media":40,"parent":22,"menu_order":6,"comment_status":"closed","ping_status":"closed","template":"page-services.php","meta":{"footnotes":""},"class_list":["post-39","page","type-page","status-publish","has-post-thumbnail","hentry"],"_links":{"self":[{"href":"https:\/\/pgplegal.eu\/de\/wp-json\/wp\/v2\/pages\/39","targetHints":{"allow":["GET"]}}],"collection":[{"href":"https:\/\/pgplegal.eu\/de\/wp-json\/wp\/v2\/pages"}],"about":[{"href":"https:\/\/pgplegal.eu\/de\/wp-json\/wp\/v2\/types\/page"}],"author":[{"embeddable":true,"href":"https:\/\/pgplegal.eu\/de\/wp-json\/wp\/v2\/users\/1"}],"replies":[{"embeddable":true,"href":"https:\/\/pgplegal.eu\/de\/wp-json\/wp\/v2\/comments?post=39"}],"version-history":[{"count":3,"href":"https:\/\/pgplegal.eu\/de\/wp-json\/wp\/v2\/pages\/39\/revisions"}],"predecessor-version":[{"id":114,"href":"https:\/\/pgplegal.eu\/de\/wp-json\/wp\/v2\/pages\/39\/revisions\/114"}],"up":[{"embeddable":true,"href":"https:\/\/pgplegal.eu\/de\/wp-json\/wp\/v2\/pages\/22"}],"wp:featuredmedia":[{"embeddable":true,"href":"https:\/\/pgplegal.eu\/de\/wp-json\/wp\/v2\/media\/40"}],"wp:attachment":[{"href":"https:\/\/pgplegal.eu\/de\/wp-json\/wp\/v2\/media?parent=39"}],"curies":[{"name":"wp","href":"https:\/\/api.w.org\/{rel}","templated":true}]}}