{"id":36,"date":"2024-10-15T09:02:41","date_gmt":"2024-10-15T07:02:41","guid":{"rendered":"https:\/\/pgplegal.eu\/de\/?page_id=36"},"modified":"2025-12-17T15:29:33","modified_gmt":"2025-12-17T14:29:33","slug":"produktion-und-handel","status":"publish","type":"page","link":"https:\/\/pgplegal.eu\/de\/praxisbereiche\/produktion-und-handel\/","title":{"rendered":"Produktion und Handel"},"content":{"rendered":"\n<p>Wir erbringen f\u00fcr unsere Mandanten laufende rechtliche Beratung im Bereich des Arbeitsrechts sowie bei zivilrechtlichen Vertr\u00e4gen (Dienstvertr\u00e4ge, Werkvertr\u00e4ge und Vertr\u00e4ge \u00fcber die Erbringung von Dienstleistungen). Wir erstellen Vertragsdokumentationen, f\u00fchren Verhandlungen und vertreten Arbeitgeber wie auch Arbeitnehmer in Gerichtsverfahren. Wir verf\u00fcgen \u00fcber Erfahrung im Bereich der Entsendung von Arbeitnehmern sowohl aus als auch in die L\u00e4nder der Europ\u00e4ischen Union.<\/p>\n\n\n\n<p>Wir unterst\u00fctzen unsere Mandanten beim Abschluss von Vertr\u00e4gen mit externen Spezialisten wie Architekten, Programmierern oder Managern. Wir sorgen f\u00fcr eine ordnungsgem\u00e4\u00dfe vertragliche Absicherung, um Risiken bestm\u00f6glich zu minimieren.<\/p>\n","protected":false},"excerpt":{"rendered":"<p>Wir erbringen f\u00fcr unsere Mandanten laufende rechtliche Beratung im Bereich des Arbeitsrechts sowie bei zivilrechtlichen Vertr\u00e4gen (Dienstvertr\u00e4ge, Werkvertr\u00e4ge und Vertr\u00e4ge \u00fcber die Erbringung von Dienstleistungen). Wir erstellen Vertragsdokumentationen, f\u00fchren Verhandlungen und vertreten Arbeitgeber wie auch Arbeitnehmer in Gerichtsverfahren. Wir verf\u00fcgen \u00fcber Erfahrung im Bereich der Entsendung von Arbeitnehmern sowohl aus als auch in die L\u00e4nder<\/p>\n<p class=\"d-flex justify-content-end\"><a class=\"btn btn-outline-primary rounded-0\" href=\"https:\/\/pgplegal.eu\/de\/praxisbereiche\/produktion-und-handel\/\">Czytaj dalej&#8230;<\/a><\/p>\n","protected":false},"author":1,"featured_media":73,"parent":22,"menu_order":5,"comment_status":"closed","ping_status":"closed","template":"page-services.php","meta":{"footnotes":""},"class_list":["post-36","page","type-page","status-publish","has-post-thumbnail","hentry"],"_links":{"self":[{"href":"https:\/\/pgplegal.eu\/de\/wp-json\/wp\/v2\/pages\/36","targetHints":{"allow":["GET"]}}],"collection":[{"href":"https:\/\/pgplegal.eu\/de\/wp-json\/wp\/v2\/pages"}],"about":[{"href":"https:\/\/pgplegal.eu\/de\/wp-json\/wp\/v2\/types\/page"}],"author":[{"embeddable":true,"href":"https:\/\/pgplegal.eu\/de\/wp-json\/wp\/v2\/users\/1"}],"replies":[{"embeddable":true,"href":"https:\/\/pgplegal.eu\/de\/wp-json\/wp\/v2\/comments?post=36"}],"version-history":[{"count":3,"href":"https:\/\/pgplegal.eu\/de\/wp-json\/wp\/v2\/pages\/36\/revisions"}],"predecessor-version":[{"id":113,"href":"https:\/\/pgplegal.eu\/de\/wp-json\/wp\/v2\/pages\/36\/revisions\/113"}],"up":[{"embeddable":true,"href":"https:\/\/pgplegal.eu\/de\/wp-json\/wp\/v2\/pages\/22"}],"wp:featuredmedia":[{"embeddable":true,"href":"https:\/\/pgplegal.eu\/de\/wp-json\/wp\/v2\/media\/73"}],"wp:attachment":[{"href":"https:\/\/pgplegal.eu\/de\/wp-json\/wp\/v2\/media?parent=36"}],"curies":[{"name":"wp","href":"https:\/\/api.w.org\/{rel}","templated":true}]}}