{"id":3,"date":"2024-10-04T19:38:35","date_gmt":"2024-10-04T17:38:35","guid":{"rendered":"http:\/\/pgplegal.eu\/de\/?page_id=3"},"modified":"2025-12-17T15:56:18","modified_gmt":"2025-12-17T14:56:18","slug":"datenschutzrichtlinie","status":"publish","type":"page","link":"https:\/\/pgplegal.eu\/de\/datenschutzrichtlinie\/","title":{"rendered":"Datenschutzrichtlinie"},"content":{"rendered":"\n<ul class=\"wp-block-list\">\n<li><strong>Verantwortlicher f\u00fcr die Verarbeitung personenbezogener Daten<\/strong><\/li>\n<\/ul>\n\n\n\n<p>Wir informieren Sie, dass der Verantwortliche f\u00fcr die Verarbeitung Ihrer personenbezogenen Daten Piotr Gajlewicz ist, der eine gesch\u00e4ftliche T\u00e4tigkeit unter der Firma Piotr Gajlewicz \u2013 Kanzlei des Rechtsberaters aus\u00fcbt, mit Sitz in der ul. Piotra Skargi 15, 71-422 Szczecin, E-Mail-Adresse: <a href=\"mailto:office@pgplegal.eu\">office@pgplegal.eu<\/a> (Kontaktdaten) [nachfolgend: <strong>Verantwortlicher<\/strong>].<\/p>\n\n\n\n<ul class=\"wp-block-list\">\n<li><strong>Zwecke der Verarbeitung personenbezogener Daten und Rechtsgrundlage der Verarbeitung<\/strong><\/li>\n<\/ul>\n\n\n\n<p>Ihre personenbezogenen Daten k\u00f6nnen verarbeitet werden:<\/p>\n\n\n\n<ul class=\"wp-block-list\">\n<li><strong>zu dem Zweck:<\/strong> der Erf\u00fcllung der mit Ihnen geschlossenen Vertr\u00e4ge oder der Durchf\u00fchrung von Ma\u00dfnahmen (auf Ihr Verlangen) vor Abschluss solcher Vertr\u00e4ge, <strong>auf der Grundlage von:<\/strong> Art. 6 Abs. 1 lit. b (\u201edie Verarbeitung ist f\u00fcr die Erf\u00fcllung eines Vertrags, dessen Vertragspartei die betroffene Person ist, oder zur Durchf\u00fchrung von Ma\u00dfnahmen erforderlich, die auf Anfrage der betroffenen Person vor Vertragsschluss erfolgen\u201d) der Verordnung (EU) 2016\/679 des Europ\u00e4ischen Parlaments und des Rates vom 27. April 2016 zum Schutz nat\u00fcrlicher Personen bei der Verarbeitung personenbezogener Daten, zum freien Datenverkehr sowie zur Aufhebung der Richtlinie 95\/46\/EG (ABl. EU 2016, Nr. 119, S. 1) [nachfolgend: DSGVO];<\/li>\n<\/ul>\n\n\n\n<ul class=\"wp-block-list\">\n<li><strong>zu dem Zweck:<\/strong> der Erf\u00fcllung von Vertr\u00e4gen mit dem Unternehmen, dessen Vertreter Sie im Kontakt mit dem Verantwortlichen sind bzw. dessen Mitarbeiter, Auftragnehmer oder Nachunternehmer Sie sind;<br><strong>auf der Grundlage von:<\/strong> Art. 6 Abs. 1 lit. f DSGVO (\u201edie Verarbeitung ist zur Wahrung der berechtigten Interessen des Verantwortlichen oder eines Dritten erforderlich, au\u00dfer in den F\u00e4llen, in denen die Interessen oder Grundrechte und Grundfreiheiten der betroffenen Person, die den Schutz personenbezogener Daten erfordern, \u00fcberwiegen, insbesondere wenn es sich bei der betroffenen Person um ein Kind handelt\u201d);<\/li>\n<\/ul>\n\n\n\n<ul class=\"wp-block-list\">\n<li><strong>zu dem Zweck:<\/strong> der Kommunikation sowie der Durchf\u00fchrung von Informations-, Promotions- und Marketingt\u00e4tigkeiten durch den Verantwortlichen, einschlie\u00dflich: der Information \u00fcber den Verantwortlichen und seine T\u00e4tigkeit, der \u00dcbermittlung von Informationen und Einladungen zu vom Verantwortlichen organisierten oder mitorganisierten Veranstaltungen sowie des Versands von Gru\u00df- und Gl\u00fcckwunschkarten;<br><strong>auf der Grundlage von:<\/strong> Art. 6 Abs. 1 lit. f DSGVO (\u201edie Verarbeitung ist zur Wahrung der berechtigten Interessen des Verantwortlichen oder eines Dritten erforderlich, au\u00dfer in den F\u00e4llen, in denen die Interessen oder Grundrechte und Grundfreiheiten der betroffenen Person, die den Schutz personenbezogener Daten erfordern, \u00fcberwiegen, insbesondere wenn es sich bei der betroffenen Person um ein Kind handelt)<strong>&#8222;<\/strong>;<\/li>\n<\/ul>\n\n\n\n<ul class=\"wp-block-list\">\n<li><strong>Berechtigtes Interesse<\/strong><\/li>\n<\/ul>\n\n\n\n<p>Das berechtigte Interesse an der Verarbeitung Ihrer personenbezogenen Daten auf Seiten des Verantwortlichen ist:<\/p>\n\n\n\n<ul class=\"wp-block-list\">\n<li>im Hinblick auf den in Punkt 2 Buchst. b oben genannten Fall \u2013 die M\u00f6glichkeit der Kommunikation mit dem Gesch\u00e4ftspartner\/Vertragspartner des Verantwortlichen sowie die Durchf\u00fchrung des mit diesem geschlossenen Vertrags;<\/li>\n<\/ul>\n\n\n\n<ul class=\"wp-block-list\">\n<li>im Hinblick auf den in Punkt 2 Buchst. c oben genannten Fall \u2013 die Kommunikation sowie die Marketing- und Promotionst\u00e4tigkeiten des Verantwortlichen;<\/li>\n<\/ul>\n\n\n\n<ul class=\"wp-block-list\">\n<li><strong>Empf\u00e4nger personenbezogener Daten \/ Kategorien von Empf\u00e4ngern personenbezogener Daten<\/strong><\/li>\n<\/ul>\n\n\n\n<p>Ihre personenbezogenen Daten werden an Stellen \u00fcbermittelt, die hierzu aufgrund gesetzlicher Vorschriften berechtigt sind, sowie an Stellen, die aufgrund von mit dem Verantwortlichen geschlossenen Vertr\u00e4gen befugt sind \u2013 jeweils im Umfang, der zur Erf\u00fcllung der genannten Pflichten\/Vertr\u00e4ge erforderlich ist \u2013 sowie an Sie selbst.<\/p>\n\n\n\n<ul class=\"wp-block-list\">\n<li><strong>\u00dcbermittlung personenbezogener Daten an ein Drittland \/ an eine internationale Organisation<\/strong><\/li>\n<\/ul>\n\n\n\n<p>Der Verantwortliche wird Ihre personenbezogenen Daten nicht an ein Drittland oder an eine internationale Organisation \u00fcbermitteln.<\/p>\n\n\n\n<ul class=\"wp-block-list\">\n<li><strong>Aufbewahrungszeitraum der Daten \/ Kriterien f\u00fcr die Festlegung dieses Zeitraums<\/strong><\/li>\n<\/ul>\n\n\n\n<p>Ihre personenbezogenen Daten werden f\u00fcr die Dauer der Zusammenarbeit mit Ihnen oder mit dem Unternehmen, dessen Vertreter Sie sind, gespeichert und nach deren Beendigung f\u00fcr die Dauer der Verj\u00e4hrungsfristen von Anspr\u00fcchen, die mit dieser Zusammenarbeit verbunden sind, oder f\u00fcr den Zeitraum, der erforderlich ist, um die dem Verantwortlichen auferlegten Pflichten gem\u00e4\u00df allgemein geltenden Rechtsvorschriften zu erf\u00fcllen.<\/p>\n\n\n\n<p>Ihre personenbezogenen Daten, die auf der Grundlage einer Einwilligung verarbeitet werden, werden f\u00fcr die Dauer der G\u00fcltigkeit dieser Einwilligung gespeichert, d. h. bis zu deren Widerruf, und danach f\u00fcr den Zeitraum, der erforderlich ist, um die dem Verantwortlichen auferlegten Pflichten gem\u00e4\u00df allgemein geltenden Rechtsvorschriften zu erf\u00fcllen.<\/p>\n\n\n\n<p><strong>7. Rechte<\/strong><\/p>\n\n\n\n<p>Der detaillierte Umfang Ihrer Rechte als betroffene Person (sog. \u201eBetroffene\/r\u201c) ist in Kapitel III der DSGVO unter dem Titel \u201eRechte der betroffenen Person\u201c festgelegt.<\/p>\n\n\n\n<p>Sie sind jederzeit berechtigt:<\/p>\n\n\n\n<ul class=\"wp-block-list\">\n<li>Auskunft \u00fcber die Sie betreffenden personenbezogenen Daten zu verlangen,<\/li>\n\n\n\n<li>Berichtigung der Sie betreffenden personenbezogenen Daten zu verlangen,<\/li>\n\n\n\n<li>L\u00f6schung der Sie betreffenden personenbezogenen Daten zu verlangen,<\/li>\n<\/ul>\n\n\n\n<p>au\u00dfer in F\u00e4llen, in denen deren Verarbeitung erforderlich ist:<\/p>\n\n\n\n<p>i) zur Erf\u00fcllung einer rechtlichen Verpflichtung, die eine Verarbeitung nach dem Recht der Union oder dem Recht der Mitgliedstaaten, dem der Verantwortliche unterliegt, erfordert, oder zur Wahrnehmung einer Aufgabe, die im \u00f6ffentlichen Interesse liegt oder in Aus\u00fcbung \u00f6ffentlicher Gewalt erfolgt, die dem Verantwortlichen \u00fcbertragen wurde;<\/p>\n\n\n\n<p>ii) zu Archivzwecken im \u00f6ffentlichen Interesse, zu wissenschaftlichen oder historischen Forschungszwecken oder zu statistischen Zwecken;<\/p>\n\n\n\n<p>iii) zur Geltendmachung, Aus\u00fcbung oder Verteidigung von Rechtsanspr\u00fcchen,&nbsp;&nbsp;&nbsp;<\/p>\n\n\n\n<ul class=\"wp-block-list\">\n<li>Einschr\u00e4nkung der Verarbeitung der Sie betreffenden personenbezogenen Daten zu verlangen,<\/li>\n\n\n\n<li>Widerspruch gegen die Verarbeitung der Sie betreffenden personenbezogenen Daten auf der Grundlage der unter Punkt 2 Buchst. b) und 2 Buchst. c) oben genannten Rechtsgrundlage einzulegen,<\/li>\n\n\n\n<li>\u00dcbertragung der Sie betreffenden personenbezogenen Daten zu verlangen \u2013 auf der Grundlage der unter Punkt 2 Buchst. a) oben genannten Rechtsgrundlage \u2013, sofern die Verarbeitung automatisiert erfolgt,<\/li>\n\n\n\n<li>Beschwerde bei einer Aufsichtsbeh\u00f6rde einzureichen (in Polen ist dies der Pr\u00e4sident des Amtes f\u00fcr den Schutz personenbezogischer Daten, zuvor Generalinspektor f\u00fcr den Schutz personenbezogener Daten),<\/li>\n\n\n\n<li>wenn die Verarbeitung auf einer Einwilligung beruht \u2013 die Einwilligung jederzeit zu widerrufen, ohne dass die Rechtm\u00e4\u00dfigkeit der aufgrund der Einwilligung vor ihrem Widerruf erfolgten Verarbeitung ber\u00fchrt wird.<\/li>\n<\/ul>\n\n\n\n<p><strong>8. Informationen \u00fcber die Pflicht\/Bedingungen zur Bereitstellung personenbezogener Daten sowie \u00fcber die Datenquelle<\/strong><\/p>\n\n\n\n<p>Im Hinblick auf den in Punkt 2 Buchst. a) oben genannten Fall ist die Bereitstellung personenbezogener Daten keine gesetzliche Verpflichtung, jedoch eine Bedingung f\u00fcr den Abschluss oder die Erf\u00fcllung des Vertrags. Die Nichtbereitstellung der Daten f\u00fchrt zur Weigerung, einen Vertrag mit Ihnen abzuschlie\u00dfen oder diesen zu erf\u00fcllen.<\/p>\n\n\n\n<p>m Hinblick auf den in Punkt 2 Buchst. b) oben genannten Fall ist die Bereitstellung personenbezogener Daten keine gesetzliche Verpflichtung, jedoch kann deren Nichtbereitstellung die Erf\u00fcllung des Vertrags mit dem Unternehmen, dessen Vertreter Sie im Kontakt mit dem Verantwortlichen sind, unm\u00f6glich machen.<\/p>\n\n\n\n<p>Falls im Fall gem\u00e4\u00df Punkt 2 Buchst. b) die Daten nicht direkt von Ihnen bereitgestellt wurden, stammen sie von dem Unternehmen, dessen Vertreter Sie im Kontakt mit dem Verantwortlichen sind, oder wurden vom Verantwortlichen aus \u00f6ffentlich zug\u00e4nglichen Quellen erhoben. In solchen F\u00e4llen verarbeitet der Verantwortliche folgende Kategorien der Sie betreffenden personenbezogenen Daten: Kontaktdaten wie Vorname, Nachname, Telefonnummer, E-Mail-Adresse, die Organisation, die Sie vertreten, sowie die dort ausge\u00fcbte Funktion.<\/p>\n\n\n\n<p>Im Hinblick auf den in Punkt 2 Buchst. c) oben genannten Fall ist die Bereitstellung personenbezogener Daten weder gesetzlich vorgeschrieben noch eine Bedingung f\u00fcr den Abschluss eines Vertrags. Sie sind nicht verpflichtet, diese Daten bereitzustellen; deren Nichtbereitstellung macht jedoch eine Kontaktaufnahme durch den Verantwortlichen unm\u00f6glich.<\/p>\n\n\n\n<p><strong>9.&nbsp; Automatisierte Entscheidungsfindung<\/strong><\/p>\n\n\n\n<p>Ihre personenbezogenen Daten k\u00f6nnen in automatisierter oder teilweise automatisierter Weise verarbeitet werden.<\/p>\n\n\n\n<p>Ihre personenbezogenen Daten werden jedoch <strong>nicht<\/strong> zur Entscheidungsfindung verwendet, die ausschlie\u00dflich auf einer automatisierten Verarbeitung \u2013 einschlie\u00dflich Profiling \u2013 beruht und Ihnen gegen\u00fcber rechtliche Wirkungen entfaltet oder Sie in \u00e4hnlicher Weise erheblich beeintr\u00e4chtigt.<\/p>\n\n\n\n<p><strong>10. Verwendung von Cookies<\/strong><\/p>\n\n\n\n<p>Der Verantwortliche, der Betreiber des Internetdienstes <a href=\"http:\/\/www.pgplegal.eu\/\">www.pgplegal.eu<\/a> (nachfolgend: \u201eDienst\u201c), erhebt keine personenbezogenen Daten der Nutzer automatisch, mit Ausnahme von Informationen, die in Cookies gespeichert werden.<br>Cookies sind kleine Textdateien, die IT-Daten enthalten, vom Server gesendet und auf dem Endger\u00e4t des Nutzers gespeichert werden (z. B. Computer, Tablet oder Smartphone). Sie erm\u00f6glichen die ordnungsgem\u00e4\u00dfe Nutzung des Dienstes und unterst\u00fctzen dessen grundlegende Funktionen.<\/p>\n\n\n\n<p>Diese Dateien werden insbesondere verwendet, um das korrekte Funktionieren und die Konfiguration des Dienstes sicherzustellen, die Sicherheit zu erh\u00f6hen, den Sitzungsverlauf zu \u00fcberwachen sowie statistische Analysen, Untersuchungen und Reichweitenmessungen durchzuf\u00fchren. Standardm\u00e4\u00dfig enthalten sie u. a. den Namen der Website, von der sie stammen, die Speicherdauer auf dem Ger\u00e4t sowie eine individuelle Kennung.<\/p>\n\n\n\n<p>Im Dienst werden zwei Arten von Cookies verwendet:<\/p>\n\n\n\n<ul class=\"wp-block-list\">\n<li><strong>Sitzungs-Cookies (session cookies) \u2013 <\/strong>sie werden vor\u00fcbergehend im Speicher des Endger\u00e4ts gespeichert, bis zur Abmeldung, dem Schlie\u00dfen des Browsers oder dem Verlassen des Dienstes<strong>.<\/strong><\/li>\n\n\n\n<li><strong>Permanente Cookies (persistent cookies) \u2013<\/strong> sie werden auf dem Endger\u00e4t des Nutzers f\u00fcr die in ihren Parametern angegebene Zeit oder bis zu ihrer manuellen L\u00f6schung gespeichert<strong>.<\/strong><\/li>\n<\/ul>\n\n\n\n<p><strong>11. Grunds\u00e4tze der Verwendung von Cookies<\/strong><\/p>\n\n\n\n<p>Die Standardeinstellungen der meisten Internetbrowser erm\u00f6glichen das Speichern von Cookies auf dem Endger\u00e4t des Nutzers. Es besteht jedoch die M\u00f6glichkeit, diese Einstellungen individuell zu \u00e4ndern \u2013 z. B. das automatische Verarbeiten von Cookies zu blockieren oder Benachrichtigungen \u00fcber deren Speicherung zu aktivieren. Detaillierte Informationen zur Cookie-Verwaltung sind in den Einstellungen des verwendeten Browsers verf\u00fcgbar.<\/p>\n\n\n\n<p>Es ist zu beachten, dass eine Einschr\u00e4nkung der Verwendung von Cookies die ordnungsgem\u00e4\u00dfe Funktion bestimmter Bestandteile des Dienstes beeintr\u00e4chtigen kann.<\/p>\n\n\n\n<p><strong>12. \u00c4nderungen der Richtlinie<\/strong><\/p>\n\n\n\n<p>Der Verantwortliche beh\u00e4lt sich das Recht vor, diese Richtlinie\/Erkl\u00e4rung zu \u00e4ndern und zu aktualisieren.<\/p>\n","protected":false},"excerpt":{"rendered":"<p>Wir informieren Sie, dass der Verantwortliche f\u00fcr die Verarbeitung Ihrer personenbezogenen Daten Piotr Gajlewicz ist, der eine gesch\u00e4ftliche T\u00e4tigkeit unter der Firma Piotr Gajlewicz \u2013 Kanzlei des Rechtsberaters aus\u00fcbt, mit Sitz in der ul. Piotra Skargi 15, 71-422 Szczecin, E-Mail-Adresse: office@pgplegal.eu (Kontaktdaten) [nachfolgend: Verantwortlicher]. Ihre personenbezogenen Daten k\u00f6nnen verarbeitet werden: Das berechtigte Interesse an der<\/p>\n<p class=\"d-flex justify-content-end\"><a class=\"btn btn-outline-primary rounded-0\" href=\"https:\/\/pgplegal.eu\/de\/datenschutzrichtlinie\/\">Czytaj dalej&#8230;<\/a><\/p>\n","protected":false},"author":1,"featured_media":0,"parent":0,"menu_order":0,"comment_status":"closed","ping_status":"closed","template":"","meta":{"footnotes":""},"class_list":["post-3","page","type-page","status-publish","hentry"],"_links":{"self":[{"href":"https:\/\/pgplegal.eu\/de\/wp-json\/wp\/v2\/pages\/3","targetHints":{"allow":["GET"]}}],"collection":[{"href":"https:\/\/pgplegal.eu\/de\/wp-json\/wp\/v2\/pages"}],"about":[{"href":"https:\/\/pgplegal.eu\/de\/wp-json\/wp\/v2\/types\/page"}],"author":[{"embeddable":true,"href":"https:\/\/pgplegal.eu\/de\/wp-json\/wp\/v2\/users\/1"}],"replies":[{"embeddable":true,"href":"https:\/\/pgplegal.eu\/de\/wp-json\/wp\/v2\/comments?post=3"}],"version-history":[{"count":8,"href":"https:\/\/pgplegal.eu\/de\/wp-json\/wp\/v2\/pages\/3\/revisions"}],"predecessor-version":[{"id":132,"href":"https:\/\/pgplegal.eu\/de\/wp-json\/wp\/v2\/pages\/3\/revisions\/132"}],"wp:attachment":[{"href":"https:\/\/pgplegal.eu\/de\/wp-json\/wp\/v2\/media?parent=3"}],"curies":[{"name":"wp","href":"https:\/\/api.w.org\/{rel}","templated":true}]}}