{"id":24,"date":"2024-10-15T08:57:34","date_gmt":"2024-10-15T06:57:34","guid":{"rendered":"https:\/\/pgplegal.eu\/de\/?page_id=24"},"modified":"2025-12-17T15:28:50","modified_gmt":"2025-12-17T14:28:50","slug":"transport-und-logistik","status":"publish","type":"page","link":"https:\/\/pgplegal.eu\/de\/praxisbereiche\/transport-und-logistik\/","title":{"rendered":"Transport und Logistik"},"content":{"rendered":"\n<p>Wir bieten eine umfassende rechtliche Betreuung f\u00fcr Unternehmen, die auf allen Ebenen der Transportkette t\u00e4tig sind \u2013 f\u00fcr Frachtf\u00fchrer, Spediteure, Logistikdienstleister, Lager- und Umschlagsunternehmen sowie Betreiber des intermodalen Verkehrs.<\/p>\n\n\n\n<p>Wir unterst\u00fctzen Unternehmer, die nationale und internationale Transportdienstleistungen erbringen \u2013 im Stra\u00dfen-, Schienen- und Wassertransport, sowohl in der See- als auch in der Binnenschifffahrt. Wir beraten bei der Gestaltung, Durchf\u00fchrung und Durchsetzung von Transport-, Speditions- und Logistikvertr\u00e4gen und vertreten unsere Mandanten in Streitigkeiten im Zusammenhang mit der Haftung f\u00fcr Sendungen, Verz\u00f6gerungen oder Transportsch\u00e4den.<\/p>\n\n\n\n<p>Wir verf\u00fcgen \u00fcber Erfahrung sowohl in der laufenden operativen T\u00e4tigkeit von Unternehmen der TSL-Branche als auch bei der Umsetzung von Investitionsprojekten, wie etwa dem Bau von Lagerhallen, Umschlagterminals, Lagerfl\u00e4chen sowie Bahnlinien und Anschlussgleisen.<br>Zudem besitzen wir Erfahrung in der umfassenden Betreuung von Anspr\u00fcchen von Unternehmen aus dem TSL-Sektor sowie in der vollst\u00e4ndigen gerichtlichen Vertretung unserer Mandanten in entsprechenden Streitigkeiten.<\/p>\n","protected":false},"excerpt":{"rendered":"<p>Wir bieten eine umfassende rechtliche Betreuung f\u00fcr Unternehmen, die auf allen Ebenen der Transportkette t\u00e4tig sind \u2013 f\u00fcr Frachtf\u00fchrer, Spediteure, Logistikdienstleister, Lager- und Umschlagsunternehmen sowie Betreiber des intermodalen Verkehrs. Wir unterst\u00fctzen Unternehmer, die nationale und internationale Transportdienstleistungen erbringen \u2013 im Stra\u00dfen-, Schienen- und Wassertransport, sowohl in der See- als auch in der Binnenschifffahrt. Wir beraten<\/p>\n<p class=\"d-flex justify-content-end\"><a class=\"btn btn-outline-primary rounded-0\" href=\"https:\/\/pgplegal.eu\/de\/praxisbereiche\/transport-und-logistik\/\">Czytaj dalej&#8230;<\/a><\/p>\n","protected":false},"author":1,"featured_media":25,"parent":22,"menu_order":1,"comment_status":"closed","ping_status":"closed","template":"page-services.php","meta":{"footnotes":""},"class_list":["post-24","page","type-page","status-publish","has-post-thumbnail","hentry"],"_links":{"self":[{"href":"https:\/\/pgplegal.eu\/de\/wp-json\/wp\/v2\/pages\/24","targetHints":{"allow":["GET"]}}],"collection":[{"href":"https:\/\/pgplegal.eu\/de\/wp-json\/wp\/v2\/pages"}],"about":[{"href":"https:\/\/pgplegal.eu\/de\/wp-json\/wp\/v2\/types\/page"}],"author":[{"embeddable":true,"href":"https:\/\/pgplegal.eu\/de\/wp-json\/wp\/v2\/users\/1"}],"replies":[{"embeddable":true,"href":"https:\/\/pgplegal.eu\/de\/wp-json\/wp\/v2\/comments?post=24"}],"version-history":[{"count":3,"href":"https:\/\/pgplegal.eu\/de\/wp-json\/wp\/v2\/pages\/24\/revisions"}],"predecessor-version":[{"id":110,"href":"https:\/\/pgplegal.eu\/de\/wp-json\/wp\/v2\/pages\/24\/revisions\/110"}],"up":[{"embeddable":true,"href":"https:\/\/pgplegal.eu\/de\/wp-json\/wp\/v2\/pages\/22"}],"wp:featuredmedia":[{"embeddable":true,"href":"https:\/\/pgplegal.eu\/de\/wp-json\/wp\/v2\/media\/25"}],"wp:attachment":[{"href":"https:\/\/pgplegal.eu\/de\/wp-json\/wp\/v2\/media?parent=24"}],"curies":[{"name":"wp","href":"https:\/\/api.w.org\/{rel}","templated":true}]}}