{"id":22,"date":"2024-10-15T08:56:23","date_gmt":"2024-10-15T06:56:23","guid":{"rendered":"https:\/\/pgplegal.eu\/de\/?page_id=22"},"modified":"2025-12-17T15:47:02","modified_gmt":"2025-12-17T14:47:02","slug":"praxisbereiche","status":"publish","type":"page","link":"https:\/\/pgplegal.eu\/de\/praxisbereiche\/","title":{"rendered":"Praxisbereiche"},"content":{"rendered":"\n<p>Wir \u00fcbernehmen die rechtliche Unterst\u00fctzung ausschlie\u00dflich in Bereichen, in denen wir \u00fcber fundiertes Wissen und umfassende Erfahrung verf\u00fcgen \u2013 nur so k\u00f6nnen wir sicherstellen, dass wir denjenigen, die uns ihr Vertrauen schenken, einen professionellen Schutz ihrer Interessen gew\u00e4hrleisten.<\/p>\n\n\n\n<p><\/p>\n","protected":false},"excerpt":{"rendered":"<p>Wir \u00fcbernehmen die rechtliche Unterst\u00fctzung ausschlie\u00dflich in Bereichen, in denen wir \u00fcber fundiertes Wissen und umfassende Erfahrung verf\u00fcgen \u2013 nur so k\u00f6nnen wir sicherstellen, dass wir denjenigen, die uns ihr Vertrauen schenken, einen professionellen Schutz ihrer Interessen gew\u00e4hrleisten.<\/p>\n","protected":false},"author":1,"featured_media":0,"parent":0,"menu_order":0,"comment_status":"closed","ping_status":"closed","template":"page-services.php","meta":{"footnotes":""},"class_list":["post-22","page","type-page","status-publish","hentry"],"_links":{"self":[{"href":"https:\/\/pgplegal.eu\/de\/wp-json\/wp\/v2\/pages\/22","targetHints":{"allow":["GET"]}}],"collection":[{"href":"https:\/\/pgplegal.eu\/de\/wp-json\/wp\/v2\/pages"}],"about":[{"href":"https:\/\/pgplegal.eu\/de\/wp-json\/wp\/v2\/types\/page"}],"author":[{"embeddable":true,"href":"https:\/\/pgplegal.eu\/de\/wp-json\/wp\/v2\/users\/1"}],"replies":[{"embeddable":true,"href":"https:\/\/pgplegal.eu\/de\/wp-json\/wp\/v2\/comments?post=22"}],"version-history":[{"count":4,"href":"https:\/\/pgplegal.eu\/de\/wp-json\/wp\/v2\/pages\/22\/revisions"}],"predecessor-version":[{"id":130,"href":"https:\/\/pgplegal.eu\/de\/wp-json\/wp\/v2\/pages\/22\/revisions\/130"}],"wp:attachment":[{"href":"https:\/\/pgplegal.eu\/de\/wp-json\/wp\/v2\/media?parent=22"}],"curies":[{"name":"wp","href":"https:\/\/api.w.org\/{rel}","templated":true}]}}