{"id":128,"date":"2025-12-17T15:34:18","date_gmt":"2025-12-17T14:34:18","guid":{"rendered":"https:\/\/pgplegal.eu\/de\/?page_id=128"},"modified":"2026-04-16T09:29:51","modified_gmt":"2026-04-16T07:29:51","slug":"uber-uns","status":"publish","type":"page","link":"https:\/\/pgplegal.eu\/de\/uber-uns\/","title":{"rendered":"\u00dcber uns"},"content":{"rendered":"\n<p><\/p>\n\n\n\n<h2 class=\"wp-block-heading\"><strong>Krzysztof Kwapi\u0144ski<\/strong><\/h2>\n\n\n\n<p>Im Rahmen seiner beruflichen Praxis befasst er sich mit der umfassenden rechtlichen Beratung von Unternehmen in den Bereichen Wirtschafts-, Handels-, Bau-, Transport- und Zivilrecht.<\/p>\n\n\n\n<p>Krzysztof ist auf die Betreuung von Bau- und Infrastrukturvertr\u00e4gen spezialisiert, einschlie\u00dflich der F\u00fchrung von Vertragsverhandlungen <strong>beim <\/strong>Abschluss von Bauvertr\u00e4gen, der Begleitung der Bauausf\u00fchrung, der Beratung der am Bauprozess Beteiligten sowie der Durchsetzung von Anspr\u00fcchen aus erbrachten Leistungen. Dar\u00fcber hinaus verf\u00fcgt er \u00fcber langj\u00e4hrige Erfahrung in der F\u00fchrung von Straf- und Steuerstrafverfahren.<\/p>\n\n\n\n<p>Absolvent der Fakult\u00e4t f\u00fcr Rechts- und Verwaltungswissenschaften der Universit\u00e4t Stettin. Seit 2010 ist er Mitglied der Anwaltskammer Stettin. Absolvent der postgradualen Studieng\u00e4nge des Weiterbildungszentrums der \u0141azarski-Universit\u00e4t in den Fachrichtungen \u201eOffshore-Windenergie \u2013 Management sowie Vorbereitung und Umsetzung von Investitionen\u201c und \u201eInvestitions- und Bauprozess f\u00fcr Juristen\u201c. Teilnehmer zahlreicher Fachschulungen, u. a. in den Bereichen Wirtschaftsverkehr, Handelsrecht, Zivilrecht, Strafrecht, Steuerstrafrecht, Wirtschaftskriminalit\u00e4t sowie Prozessrecht.<\/p>\n\n\n\n<h2 class=\"wp-block-heading\"><strong>Krzysztof Gach<\/strong><\/h2>\n\n\n\n<p>Er spezialisiert sich auf die umfassende Beratung von Unternehmern sowohl im Bereich des Gesellschaftsrechts und Compliance als auch des Arbeitsrechts und wirtschaftsrechtlicher Fragestellungen. Er verf\u00fcgt \u00fcber Erfahrung in der Betreuung von Unternehmen, die auf dem Markt f\u00fcr neue Technologien t\u00e4tig sind, wie Hostinganbieter, SaaS-Dienstleister (Software as a Service) und Online-Handelsplattformen (Marketplace). Dar\u00fcber hinaus ber\u00e4t er Unternehmer aus der Hafen-, TSL- und Baubranche. Er beherrscht die englische Sprache flie\u00dfend, was er bei der Unterst\u00fctzung von Mandanten in grenz\u00fcberschreitenden Transaktionen einsetzt.<\/p>\n\n\n\n<p>Er f\u00fchrte Schulungen zum Schuldrecht durch, die an Unternehmer gerichtet waren. \u00dcber viele Jahre war er als St\u00e4ndiger Schiedsrichter dem St\u00e4ndigen Schiedsgericht in Stettin verbunden, das beim Woiwodschafts-Inspektor der Handelsinspektion Westpommern t\u00e4tig ist.<\/p>\n\n\n\n<p>Im Jahr 2014 schloss er das Jurastudium an der Universit\u00e4t Stettin ab und wurde nach bestandener Rechtsberaterpr\u00fcfung mit Auszeichnung im Jahr 2023 in die Liste der Rechtsberater bei der Bezirkskammer der Rechtsberater in Stettin eingetragen. Berufserfahrung sammelte er u. a. bei der Verbraucherf\u00f6deration, der Stadtverwaltung Stettin sowie in Kanzleien von Rechtsberatern und Rechtsanw\u00e4lten.<\/p>\n\n\n\n<h2 class=\"wp-block-heading\"><strong>Piotr Gajlewicz<\/strong><\/h2>\n\n\n\n<p>Piotr konzentriert seine T\u00e4tigkeit auf den internationalen Rechtsverkehr, mit besonderem Schwerpunkt auf dem deutschen Markt. Er ist spezialisiert auf Fragen der maritimen Wirtschaft, der Energiebranche, des Bauwesens sowie des Transport-, Speditions- und Logistiksektors. Er beherrscht die deutsche und englische Sprache flie\u00dfend, die er t\u00e4glich bei der Betreuung seiner Mandanten einsetzt.<\/p>\n\n\n\n<p>Mitglied des Offshore-Wind-Clusters bei der N\u00f6rdlichen Wirtschaftskammer, des Interessenrats des Hafens Stettin (RIPS), der Maritime Experts Association (MEA) sowie der Polish Maritime Law Association (PMLA).<\/p>\n\n\n\n<p>Rechtsanwalt (Radca prawny), Absolvent der Fakult\u00e4t f\u00fcr Rechts- und Verwaltungswissenschaften der Universit\u00e4t Stettin sowie des Master-of-Laws-Studiengangs (LL.M.) im Bereich Internationales Wirtschaftsrecht und Unternehmensf\u00fchrung an der Universit\u00e4t Rostock. Absolvent der Weiterbildung \u201eLaw and Business in the European Union\u201c am Istituto Universitario di Studi Europei in Turin sowie der Schule des deutschen Rechts (Humboldt-Universit\u00e4t zu Berlin und Universit\u00e4t Breslau). Teilnehmer zahlreicher Fachschulungen, darunter solcher des Baltic and International Maritime Council (BIMCO).<\/p>\n\n\n\n<h2 class=\"wp-block-heading\"><strong>Agata Stankiewicz<\/strong><\/h2>\n\n\n\n<p>Sie verbindet die anwaltliche T\u00e4tigkeit mit fundierten Fremdsprachenkenntnissen (Englisch und Deutsch). Sie verf\u00fcgt \u00fcber umfassende Erfahrung in der rechtlichen Betreuung von Unternehmen \u2013 insbesondere aus der Transportbranche \u2013 sowie in der Vertretung von Privatmandanten in Gerichtsverfahren aus dem Vertrags-, Straf- und Familienrecht. In den Beziehungen zu ihren Mandanten \u2013 sowohl Unternehmen als auch Privatpersonen \u2013 legt sie gr\u00f6\u00dften Wert auf Verst\u00e4ndnis und zielgerichtete Bearbeitung ihrer Bed\u00fcrfnisse, auf partnerschaftliche Zusammenarbeit bei der Suche nach L\u00f6sungen sowie auf Zuverl\u00e4ssigkeit.<\/p>\n\n\n\n<p>Im Jahr 2016 schloss sie ihr Studium an der Universit\u00e4t Stettin ab, wo sie ihre Magisterarbeit im Strafrecht verteidigte. Bereits ab dem ersten Studienjahr verband sie ihr Studium mit praktischer T\u00e4tigkeit und sammelte Erfahrung in der Betreuung von Unternehmen sowie in der F\u00fchrung von Gerichtsverfahren. Sie war Stipendiatin eines Sommer-Deutschkurses f\u00fcr fortgeschrittene Studierende des DAAD (Deutscher Akademischer Austauschdienst) im Jahr 2013, im Rahmen dessen sie am Sprachkurs \u201eJuristische Fachterminologie \u2013 eine Einf\u00fchrung\u201c an der Universit\u00e4t Bremen teilnahm.<\/p>\n\n\n\n<p>In den Jahren 2017\u20132019 absolvierte sie ihre Anwaltsausbildung bei der Anwaltskammer Stettin. Gleichzeitig schloss sie als Jahrgangsbeste die Deutsche Rechtsschule ab, die von der Universit\u00e4t Danzig und der Universit\u00e4t zu K\u00f6ln organisiert wird. Die berufliche Pr\u00fcfung bestand sie im Jahr 2020 und wurde anschlie\u00dfend in die Liste der Rechtsanw\u00e4lte der Stettiner Anwaltskammer eingetragen.<\/p>\n\n\n\n<h2 class=\"wp-block-heading\"><strong>Arkadiusz Jasku\u0142a<\/strong><\/h2>\n\n\n\n<p>Er verf\u00fcgt \u00fcber umfassende Erfahrung in der rechtlichen Betreuung von Unternehmern im Bereich des Baurechts, insbesondere hinsichtlich der Erlangung von Baugenehmigungen, der Festlegung von Bebauungsbedingungen sowie der Einlegung von Rechtsmitteln gegen negative Entscheidungen. Er unterst\u00fctzt Mandanten im weit verstandenen Verwaltungsrecht \u2013 sowohl im beh\u00f6rdlichen Entscheidungs- und Widerspruchsverfahren als auch vor den Verwaltungsgerichten. Zudem verf\u00fcgt er \u00fcber Erfahrung in der Durchf\u00fchrung von Vergabeverfahren im Bereich des \u00f6ffentlichen Auftragswesens.<\/p>\n\n\n\n<p>Arkadiusz befasst sich ebenfalls mit strafrechtlichen Angelegenheiten im Zusammenhang mit organisierter Kriminalit\u00e4t sowie der sogenannten Wirtschaftskriminalit\u00e4t (\u201eWhite-Collar Crime\u201c). Er trat in Verfahren auf, die Wirtschaftsdelikte, Managerstraftaten, Subventions- und Korruptionsdelikte betrafen.<\/p>\n\n\n\n<p>Er absolvierte seine Anwaltsausbildung bei der Wielkopolska Anwaltskammer und schloss sein Studium an der Universit\u00e4t Stettin ab. Im Rahmen des Erasmus-Stipendiums studierte er zudem ein Semester an der Universit\u00e4t Rostock in Deutschland. Er ist Autor mehrerer Ver\u00f6ffentlichungen zum Handels- und Wirtschaftsrecht. Arkadiusz ist in die Liste der Wielkopolska Bezirksanwaltskammer in Posen eingetragen.<\/p>\n\n\n\n<h2 class=\"wp-block-heading\"><strong>Zofia Nied\u017awiecka<\/strong><\/h2>\n\n\n\n<p>Zofia absolviert ihre Rechtsberaterausbildung bei der Bezirkskammer der Rechtsberater in Stettin und arbeitet als Dozentin an der Universit\u00e4t Stettin. Sie ist Mitglied des Forschungsteams f\u00fcr V\u00f6lkerrecht und Europarecht. Sie beherrscht Englisch flie\u00dfend (sie besitzt das Cambridge-CAE-Zertifikat).<\/p>\n\n\n\n<p>Ihre berufliche Erfahrung sammelte sie in Kanzleien von Restrukturierungsberatern, Rechtsanw\u00e4lten und Rechtsberatern. Zu ihren Interessengebieten geh\u00f6ren Steuerrecht, Zivilrecht und internationales Recht.<\/p>\n\n\n\n<p>Zofia ist Absolventin der Fakult\u00e4t f\u00fcr Rechts- und Verwaltungswissenschaften der Universit\u00e4t Stettin und absolvierte zudem ein Semester an der Universidade Aut\u00f3noma de Lisboa in Portugal im Rahmen des Erasmus+-Programms. W\u00e4hrend ihres Studiums erhielt sie jedes Jahr das Rektorstipendium f\u00fcr herausragende Studienleistungen. Sie war Vorsitzende des Studierendenrats der Fakult\u00e4t f\u00fcr Rechts- und Verwaltungswissenschaften der Universit\u00e4t Stettin. Sie ist Finalistin des landesweiten Steuerberatungswettbewerbs <em>EYE on Tax<\/em>, der von EY Polen organisiert wird.<\/p>\n","protected":false},"excerpt":{"rendered":"<p>Krzysztof Kwapi\u0144ski Im Rahmen seiner beruflichen Praxis befasst er sich mit der umfassenden rechtlichen Beratung von Unternehmen in den Bereichen Wirtschafts-, Handels-, Bau-, Transport- und Zivilrecht. Krzysztof ist auf die Betreuung von Bau- und Infrastrukturvertr\u00e4gen spezialisiert, einschlie\u00dflich der F\u00fchrung von Vertragsverhandlungen beim Abschluss von Bauvertr\u00e4gen, der Begleitung der Bauausf\u00fchrung, der Beratung der am Bauprozess Beteiligten<\/p>\n<p class=\"d-flex justify-content-end\"><a class=\"btn btn-outline-primary rounded-0\" href=\"https:\/\/pgplegal.eu\/de\/uber-uns\/\">Czytaj dalej&#8230;<\/a><\/p>\n","protected":false},"author":4,"featured_media":0,"parent":0,"menu_order":0,"comment_status":"closed","ping_status":"closed","template":"page-team.php","meta":{"footnotes":""},"class_list":["post-128","page","type-page","status-publish","hentry"],"_links":{"self":[{"href":"https:\/\/pgplegal.eu\/de\/wp-json\/wp\/v2\/pages\/128","targetHints":{"allow":["GET"]}}],"collection":[{"href":"https:\/\/pgplegal.eu\/de\/wp-json\/wp\/v2\/pages"}],"about":[{"href":"https:\/\/pgplegal.eu\/de\/wp-json\/wp\/v2\/types\/page"}],"author":[{"embeddable":true,"href":"https:\/\/pgplegal.eu\/de\/wp-json\/wp\/v2\/users\/4"}],"replies":[{"embeddable":true,"href":"https:\/\/pgplegal.eu\/de\/wp-json\/wp\/v2\/comments?post=128"}],"version-history":[{"count":5,"href":"https:\/\/pgplegal.eu\/de\/wp-json\/wp\/v2\/pages\/128\/revisions"}],"predecessor-version":[{"id":140,"href":"https:\/\/pgplegal.eu\/de\/wp-json\/wp\/v2\/pages\/128\/revisions\/140"}],"wp:attachment":[{"href":"https:\/\/pgplegal.eu\/de\/wp-json\/wp\/v2\/media?parent=128"}],"curies":[{"name":"wp","href":"https:\/\/api.w.org\/{rel}","templated":true}]}}