{"id":96,"date":"2025-10-25T23:47:21","date_gmt":"2025-10-25T21:47:21","guid":{"rendered":"https:\/\/pgplegal.eu\/de\/?page_id=96"},"modified":"2025-12-17T15:31:02","modified_gmt":"2025-12-17T14:31:02","slug":"grenzuberschreitende-dienstleistungen","status":"publish","type":"page","link":"http:\/\/pgplegal.eu\/de\/praxisbereiche\/grenzuberschreitende-dienstleistungen\/","title":{"rendered":"Grenz\u00fcberschreitende Dienstleistungen"},"content":{"rendered":"\n<p>Wir unterst\u00fctzen Unternehmer, die Dienstleistungen im Ausland erbringen, sowie ausl\u00e4ndische Unternehmen, die in Polen t\u00e4tig sind. Wir beraten im Bereich der grenz\u00fcberschreitenden Erbringung von Arbeit und Dienstleistungen, unter Ber\u00fccksichtigung der regulatorischen Unterschiede zwischen EU-Mitgliedstaaten und Drittstaaten.<\/p>\n\n\n\n<p>Wir verf\u00fcgen \u00fcber Erfahrung in der umfassenden Betreuung von Entsendeprozessen \u2013 sowohl aus Polen ins Ausland als auch aus anderen L\u00e4ndern nach Polen. Wir helfen bei der Vorbereitung der erforderlichen Unterlagen, den Meldungen bei zust\u00e4ndigen Beh\u00f6rden, der Feststellung steuerlicher und sozialversicherungsrechtlicher Verpflichtungen sowie bei der Anpassung des Kooperationsmodells an lokale arbeitsrechtliche Vorschriften.<\/p>\n\n\n\n<p>Wir beraten zudem in Fragen der Legalisierung der Besch\u00e4ftigung von Ausl\u00e4ndern, bei Aufenthaltsgenehmigungen und bei den administrativen Pflichten im Zusammenhang mit der Einstellung von B\u00fcrgern aus Drittstaaten.<\/p>\n","protected":false},"excerpt":{"rendered":"<p>Wir unterst\u00fctzen Unternehmer, die Dienstleistungen im Ausland erbringen, sowie ausl\u00e4ndische Unternehmen, die in Polen t\u00e4tig sind. Wir beraten im Bereich der grenz\u00fcberschreitenden Erbringung von Arbeit und Dienstleistungen, unter Ber\u00fccksichtigung der regulatorischen Unterschiede zwischen EU-Mitgliedstaaten und Drittstaaten. Wir verf\u00fcgen \u00fcber Erfahrung in der umfassenden Betreuung von Entsendeprozessen \u2013 sowohl aus Polen ins Ausland als auch aus<\/p>\n<p class=\"d-flex justify-content-end\"><a class=\"btn btn-outline-primary rounded-0\" href=\"http:\/\/pgplegal.eu\/de\/praxisbereiche\/grenzuberschreitende-dienstleistungen\/\">Czytaj dalej&#8230;<\/a><\/p>\n","protected":false},"author":1,"featured_media":75,"parent":22,"menu_order":9,"comment_status":"closed","ping_status":"closed","template":"page-services.php","meta":{"footnotes":""},"class_list":["post-96","page","type-page","status-publish","has-post-thumbnail","hentry"],"_links":{"self":[{"href":"http:\/\/pgplegal.eu\/de\/wp-json\/wp\/v2\/pages\/96","targetHints":{"allow":["GET"]}}],"collection":[{"href":"http:\/\/pgplegal.eu\/de\/wp-json\/wp\/v2\/pages"}],"about":[{"href":"http:\/\/pgplegal.eu\/de\/wp-json\/wp\/v2\/types\/page"}],"author":[{"embeddable":true,"href":"http:\/\/pgplegal.eu\/de\/wp-json\/wp\/v2\/users\/1"}],"replies":[{"embeddable":true,"href":"http:\/\/pgplegal.eu\/de\/wp-json\/wp\/v2\/comments?post=96"}],"version-history":[{"count":3,"href":"http:\/\/pgplegal.eu\/de\/wp-json\/wp\/v2\/pages\/96\/revisions"}],"predecessor-version":[{"id":118,"href":"http:\/\/pgplegal.eu\/de\/wp-json\/wp\/v2\/pages\/96\/revisions\/118"}],"up":[{"embeddable":true,"href":"http:\/\/pgplegal.eu\/de\/wp-json\/wp\/v2\/pages\/22"}],"wp:featuredmedia":[{"embeddable":true,"href":"http:\/\/pgplegal.eu\/de\/wp-json\/wp\/v2\/media\/75"}],"wp:attachment":[{"href":"http:\/\/pgplegal.eu\/de\/wp-json\/wp\/v2\/media?parent=96"}],"curies":[{"name":"wp","href":"https:\/\/api.w.org\/{rel}","templated":true}]}}