{"id":33,"date":"2024-10-15T09:01:21","date_gmt":"2024-10-15T07:01:21","guid":{"rendered":"https:\/\/pgplegal.eu\/de\/?page_id=33"},"modified":"2025-12-17T15:29:17","modified_gmt":"2025-12-17T14:29:17","slug":"energie","status":"publish","type":"page","link":"http:\/\/pgplegal.eu\/de\/praxisbereiche\/energie\/","title":{"rendered":"Energiewirtschaft"},"content":{"rendered":"\n<p>Die Kanzlei bietet rechtliche Unterst\u00fctzung in einem breiten Spektrum von Fragestellungen der konventionellen und erneuerbaren Energiewirtschaft, insbesondere in Bezug auf Handel, \u00dcbertragung, Verteilung und Speicherung von Energie sowie auf die Erlangung von Genehmigungen und Konzessionen.<\/p>\n\n\n\n<p>Unsere rechtliche Unterst\u00fctzung umfasst insbesondere die laufende Beratung zur Anwendung energierechtlicher Vorschriften, die Pr\u00fcfung des Rechtsstatus, die Erstellung erforderlicher Dokumentationen, die Analyse von Vertr\u00e4gen und die F\u00fchrung von Verhandlungen sowie die Vertretung unserer Mandanten in Verfahren vor dem Pr\u00e4sidenten der Energieregulierungsbeh\u00f6rde und in gerichtlichen Streitigkeiten.<\/p>\n\n\n\n<p>Wir verf\u00fcgen \u00fcber Erfahrung in der umfassenden Betreuung von Bauinvestitionen im Energiebereich, u. a. beim Bau und Ausbau von Offshore-Windparks, Photovoltaikanlagen und Energiespeichern. Weitere detaillierte Informationen zu unserer Unterst\u00fctzung im Bauprozess finden Sie im Bereich <em>Bauwesen<\/em>.<\/p>\n\n\n\n<p>Unsere Anw\u00e4lte haben an zahlreichen Schulungen und Konferenzen zu Themen der weit verstandenen Energiewirtschaft teilgenommen und postgraduale Studieng\u00e4nge im Bereich der Offshore-Windenergie absolviert.<\/p>\n","protected":false},"excerpt":{"rendered":"<p>Die Kanzlei bietet rechtliche Unterst\u00fctzung in einem breiten Spektrum von Fragestellungen der konventionellen und erneuerbaren Energiewirtschaft, insbesondere in Bezug auf Handel, \u00dcbertragung, Verteilung und Speicherung von Energie sowie auf die Erlangung von Genehmigungen und Konzessionen. Unsere rechtliche Unterst\u00fctzung umfasst insbesondere die laufende Beratung zur Anwendung energierechtlicher Vorschriften, die Pr\u00fcfung des Rechtsstatus, die Erstellung erforderlicher Dokumentationen,<\/p>\n<p class=\"d-flex justify-content-end\"><a class=\"btn btn-outline-primary rounded-0\" href=\"http:\/\/pgplegal.eu\/de\/praxisbereiche\/energie\/\">Czytaj dalej&#8230;<\/a><\/p>\n","protected":false},"author":1,"featured_media":70,"parent":22,"menu_order":4,"comment_status":"closed","ping_status":"closed","template":"page-services.php","meta":{"footnotes":""},"class_list":["post-33","page","type-page","status-publish","has-post-thumbnail","hentry"],"_links":{"self":[{"href":"http:\/\/pgplegal.eu\/de\/wp-json\/wp\/v2\/pages\/33","targetHints":{"allow":["GET"]}}],"collection":[{"href":"http:\/\/pgplegal.eu\/de\/wp-json\/wp\/v2\/pages"}],"about":[{"href":"http:\/\/pgplegal.eu\/de\/wp-json\/wp\/v2\/types\/page"}],"author":[{"embeddable":true,"href":"http:\/\/pgplegal.eu\/de\/wp-json\/wp\/v2\/users\/1"}],"replies":[{"embeddable":true,"href":"http:\/\/pgplegal.eu\/de\/wp-json\/wp\/v2\/comments?post=33"}],"version-history":[{"count":3,"href":"http:\/\/pgplegal.eu\/de\/wp-json\/wp\/v2\/pages\/33\/revisions"}],"predecessor-version":[{"id":112,"href":"http:\/\/pgplegal.eu\/de\/wp-json\/wp\/v2\/pages\/33\/revisions\/112"}],"up":[{"embeddable":true,"href":"http:\/\/pgplegal.eu\/de\/wp-json\/wp\/v2\/pages\/22"}],"wp:featuredmedia":[{"embeddable":true,"href":"http:\/\/pgplegal.eu\/de\/wp-json\/wp\/v2\/media\/70"}],"wp:attachment":[{"href":"http:\/\/pgplegal.eu\/de\/wp-json\/wp\/v2\/media?parent=33"}],"curies":[{"name":"wp","href":"https:\/\/api.w.org\/{rel}","templated":true}]}}