{"id":30,"date":"2024-10-15T09:00:15","date_gmt":"2024-10-15T07:00:15","guid":{"rendered":"https:\/\/pgplegal.eu\/de\/?page_id=30"},"modified":"2025-12-17T15:29:03","modified_gmt":"2025-12-17T14:29:03","slug":"bauwesen","status":"publish","type":"page","link":"http:\/\/pgplegal.eu\/de\/praxisbereiche\/bauwesen\/","title":{"rendered":"Bauwesen"},"content":{"rendered":"\n<p>Wir bieten eine umfassende Betreuung des gesamten Investitions- und Bauprozesses \u2013 beginnend mit der Pr\u00fcfung des rechtlichen Status der Immobilie, der Verhandlung und Vorbereitung der f\u00fcr deren Erwerb erforderlichen Unterlagen, \u00fcber die Begleitung der beh\u00f6rdlichen Verfahren im Zusammenhang mit der Erlangung der Baugenehmigung (sowie anderer f\u00fcr die Durchf\u00fchrung der Investition notwendiger Dokumente), die Verhandlung und den Abschluss von Vertr\u00e4gen mit Subunternehmern, bis hin zur Erlangung der Nutzungsgenehmigung und der nachfolgenden Unterst\u00fctzung nach Abschluss des Bauvorhabens.<\/p>\n\n\n\n<p>Wir verf\u00fcgen \u00fcber Erfahrung in der Unterst\u00fctzung von Mandanten auf beiden Seiten von Vergabeverfahren \u2013 sowohl Investoren als auch Auftragnehmern und Subunternehmern. Wir betreuten gro\u00dfe Investitionen, darunter den Bau eines intermodalen Terminals, den Bau von Bahnlinien und Anschlussgleisen, den Bau von Abschnitten von Schnellstra\u00dfen und Autobahnen, die Umgestaltung von Verkehrsknotenpunkten, den Bau von Hochwasserschutzdeichen, hydrotechnischen Anlagen und Photovoltaikparks, ebenso wie die laufende rechtliche Begleitung von Bauprozessen im Wohnungsbau einschlie\u00dflich Entwicklungsprojekten. Wir bieten Beratung bei Vertr\u00e4gen, die auf den Vertragsbedingungen der Internationalen Vereinigung der beratenden Ingenieure (FIDIC) basieren.<\/p>\n\n\n\n<p>Wir verf\u00fcgen zudem \u00fcber umfangreiche Erfahrung in der umfassenden Bearbeitung von Anspr\u00fcchen im Zusammenhang mit dem Investitions- und Bauprozess sowie in der vollst\u00e4ndigen gerichtlichen Vertretung unserer Mandanten in entsprechenden Streitigkeiten.<\/p>\n\n\n\n<p>Unsere Anw\u00e4lte haben an zahlreichen Schulungen und Konferenzen zu Themen des weit verstandenen Bauwesens teilgenommen und postgraduale Studieng\u00e4nge im Bereich des Investitions- und Bauprozesses absolviert.<\/p>\n","protected":false},"excerpt":{"rendered":"<p>Wir bieten eine umfassende Betreuung des gesamten Investitions- und Bauprozesses \u2013 beginnend mit der Pr\u00fcfung des rechtlichen Status der Immobilie, der Verhandlung und Vorbereitung der f\u00fcr deren Erwerb erforderlichen Unterlagen, \u00fcber die Begleitung der beh\u00f6rdlichen Verfahren im Zusammenhang mit der Erlangung der Baugenehmigung (sowie anderer f\u00fcr die Durchf\u00fchrung der Investition notwendiger Dokumente), die Verhandlung und<\/p>\n<p class=\"d-flex justify-content-end\"><a class=\"btn btn-outline-primary rounded-0\" href=\"http:\/\/pgplegal.eu\/de\/praxisbereiche\/bauwesen\/\">Czytaj dalej&#8230;<\/a><\/p>\n","protected":false},"author":1,"featured_media":31,"parent":22,"menu_order":3,"comment_status":"closed","ping_status":"closed","template":"page-services.php","meta":{"footnotes":""},"class_list":["post-30","page","type-page","status-publish","has-post-thumbnail","hentry"],"_links":{"self":[{"href":"http:\/\/pgplegal.eu\/de\/wp-json\/wp\/v2\/pages\/30","targetHints":{"allow":["GET"]}}],"collection":[{"href":"http:\/\/pgplegal.eu\/de\/wp-json\/wp\/v2\/pages"}],"about":[{"href":"http:\/\/pgplegal.eu\/de\/wp-json\/wp\/v2\/types\/page"}],"author":[{"embeddable":true,"href":"http:\/\/pgplegal.eu\/de\/wp-json\/wp\/v2\/users\/1"}],"replies":[{"embeddable":true,"href":"http:\/\/pgplegal.eu\/de\/wp-json\/wp\/v2\/comments?post=30"}],"version-history":[{"count":3,"href":"http:\/\/pgplegal.eu\/de\/wp-json\/wp\/v2\/pages\/30\/revisions"}],"predecessor-version":[{"id":111,"href":"http:\/\/pgplegal.eu\/de\/wp-json\/wp\/v2\/pages\/30\/revisions\/111"}],"up":[{"embeddable":true,"href":"http:\/\/pgplegal.eu\/de\/wp-json\/wp\/v2\/pages\/22"}],"wp:featuredmedia":[{"embeddable":true,"href":"http:\/\/pgplegal.eu\/de\/wp-json\/wp\/v2\/media\/31"}],"wp:attachment":[{"href":"http:\/\/pgplegal.eu\/de\/wp-json\/wp\/v2\/media?parent=30"}],"curies":[{"name":"wp","href":"https:\/\/api.w.org\/{rel}","templated":true}]}}